{"id":54,"date":"2021-09-30T17:53:06","date_gmt":"2021-09-30T15:53:06","guid":{"rendered":"https:\/\/datasolution-wp-prod.datasolution.site\/?page_id=54"},"modified":"2025-08-18T17:26:33","modified_gmt":"2025-08-18T15:26:33","slug":"legals","status":"publish","type":"page","link":"https:\/\/www.datasolution.fr\/en\/legals\/","title":{"rendered":"Terms and conditions"},"content":{"rendered":"\n    <div id=\"block_4defcf404273a72246c79bff48a56af3\" class=\"custom-wp-block\">\n\n\t\t    <div class=\"block-hero-header block-hero-header--type2 \"\n            >\n        <div class=\"block-hero-header--inner\">\n            <div class=\"container p-relative\">\n                <div class=\"block-hero-header--content\">\n\n                    \n                    \n                    <div class=\"block-hero-header--title-wrapper\">\n                        <h1 class=\"block-hero-header--title title-big color-white\">Terms and conditions<\/h1>\n                    <\/div>\n\n                    \n                    \n                                    <\/div>\n            <\/div>\n        <\/div>\n    <\/div>\n\n    <\/div>\n\n\n\n\n    <div id=\"block_0ce7db33eacb4b97e3c502ab555c22d3\" class=\"block-text custom-wp-block small-size pattern-none\">\n        <div class=\"container\" >\n\t\t\t<div class=\"block-text--content\">\n\t\t\t\t<h1 class=\"static-header__title typo-title mb-1\">Terms and conditions<\/h1>\n<p>&nbsp;<\/p>\n<ul>\n<li>\u00a0Publisher of datasolution.fr web site : DATASOLUTION\n<ul>\n<li>Legal form : SAS (soci\u00e9t\u00e9 \u00e0 actions simplifi\u00e9es)<\/li>\n<li>Share capital : 1 000 025 \u20ac<\/li>\n<li>SIREN : 445223852<\/li>\n<li>SIRET : 44522385200051<\/li>\n<li>VAT number : FR95445223852<\/li>\n<li>Address : 224 rue du Faubourg Saint-Antoine 75012 Paris<\/li>\n<li>Phone : +33 (0)1 83 79 02 05<\/li>\n<li>Email : contact@datasolution.fr<\/li>\n<\/ul>\n<\/li>\n<li>Editor : Mister Jean-Claude Nogu\u00e8s, founder and CEO<\/li>\n<li>Webmaster : DATASOLUTION<\/li>\n<li>Hosting : DATASOLUTION<\/li>\n<\/ul>\n<p>&nbsp;<\/p>\n<h1>Objective and quality of the contents<\/h1>\n<p>This site aims at informing prospects, customers and any public wishing to learn about the activities and services offered by DATASOLUTION.<\/p>\n<p>DATASOLUTION strives to provide regularly updated and verified information, however if any information seems inaccurate or contains a typographical error, you can report it to the site administrator.<\/p>\n<h1>Trademark use<\/h1>\n<p>The verbal and visual trademarks (logos) DATASOLUTION, Jetpulp, Acidgreen, AcyMailing, Datamag, Active Publishing (and their variations), are protected.<\/p>\n<p>Their use without written authorization from DATASOLUTION, on any medium, for the purpose of promoting products or services, in particular for commercial purposes, is forbidden under penalty of criminal and civil proceedings.<\/p>\n<p>For any other use, please contact us.<\/p>\n            <\/div>\n        <\/div>\n    <\/div>\n\n","protected":false},"excerpt":{"rendered":"","protected":false},"author":20,"featured_media":0,"parent":0,"menu_order":74,"comment_status":"closed","ping_status":"closed","template":"","meta":{"_acf_changed":false,"inline_featured_image":false,"footnotes":""},"class_list":["post-54","page","type-page","status-publish","hentry"],"acf":[],"yoast_head":"<!-- This site is optimized with the Yoast SEO plugin v27.3 - https:\/\/yoast.com\/product\/yoast-seo-wordpress\/ -->\n<title>Terms and conditions - DATASOLUTION<\/title>\n<meta name=\"description\" content=\"Find all the terms and conditions for your 360\u00b0 Datasolution web agency and contact us to ask us all your questions\" \/>\n<meta name=\"robots\" content=\"index, follow, max-snippet:-1, max-image-preview:large, max-video-preview:-1\" \/>\n<link rel=\"canonical\" href=\"https:\/\/www.datasolution.fr\/en\/legals\/\" \/>\n<meta property=\"og:locale\" content=\"en_US\" \/>\n<meta property=\"og:type\" content=\"article\" \/>\n<meta property=\"og:title\" content=\"Terms and conditions - DATASOLUTION\" \/>\n<meta property=\"og:description\" content=\"Find all the terms and conditions for your 360\u00b0 Datasolution web agency and contact us to ask us all your questions\" \/>\n<meta property=\"og:url\" content=\"https:\/\/www.datasolution.fr\/en\/legals\/\" \/>\n<meta property=\"og:site_name\" content=\"DATASOLUTION\" \/>\n<meta property=\"article:publisher\" content=\"https:\/\/www.facebook.com\/datasolution.ecommerce\/\" \/>\n<meta property=\"article:modified_time\" content=\"2025-08-18T15:26:33+00:00\" \/>\n<meta property=\"og:image\" content=\"https:\/\/www.datasolution.fr\/wp-content\/uploads\/2022\/06\/Share-new-website-1200x630px.jpg\" \/>\n\t<meta property=\"og:image:width\" content=\"1200\" \/>\n\t<meta property=\"og:image:height\" content=\"630\" \/>\n\t<meta property=\"og:image:type\" content=\"image\/jpeg\" \/>\n<meta name=\"twitter:card\" content=\"summary_large_image\" \/>\n<meta name=\"twitter:site\" content=\"@datasolution1\" \/>\n<script type=\"application\/ld+json\" class=\"yoast-schema-graph\">{\"@context\":\"https:\\\/\\\/schema.org\",\"@graph\":[{\"@type\":\"WebPage\",\"@id\":\"https:\\\/\\\/www.datasolution.fr\\\/en\\\/legals\\\/\",\"url\":\"https:\\\/\\\/www.datasolution.fr\\\/en\\\/legals\\\/\",\"name\":\"Terms and conditions - DATASOLUTION\",\"isPartOf\":{\"@id\":\"https:\\\/\\\/www.datasolution.fr\\\/#website\"},\"datePublished\":\"2021-09-30T15:53:06+00:00\",\"dateModified\":\"2025-08-18T15:26:33+00:00\",\"description\":\"Find all the terms and conditions for your 360\u00b0 Datasolution web agency and contact us to ask us all your questions\",\"breadcrumb\":{\"@id\":\"https:\\\/\\\/www.datasolution.fr\\\/en\\\/legals\\\/#breadcrumb\"},\"inLanguage\":\"en-US\",\"potentialAction\":[{\"@type\":\"ReadAction\",\"target\":[\"https:\\\/\\\/www.datasolution.fr\\\/en\\\/legals\\\/\"]}]},{\"@type\":\"BreadcrumbList\",\"@id\":\"https:\\\/\\\/www.datasolution.fr\\\/en\\\/legals\\\/#breadcrumb\",\"itemListElement\":[{\"@type\":\"ListItem\",\"position\":1,\"name\":\"Accueil\",\"item\":\"https:\\\/\\\/www.datasolution.fr\\\/en\\\/\"},{\"@type\":\"ListItem\",\"position\":2,\"name\":\"Terms and conditions\"}]},{\"@type\":\"WebSite\",\"@id\":\"https:\\\/\\\/www.datasolution.fr\\\/#website\",\"url\":\"https:\\\/\\\/www.datasolution.fr\\\/\",\"name\":\"DATASOLUTION\",\"description\":\"Agence experte eCommerce\",\"potentialAction\":[{\"@type\":\"SearchAction\",\"target\":{\"@type\":\"EntryPoint\",\"urlTemplate\":\"https:\\\/\\\/www.datasolution.fr\\\/?s={search_term_string}\"},\"query-input\":{\"@type\":\"PropertyValueSpecification\",\"valueRequired\":true,\"valueName\":\"search_term_string\"}}],\"inLanguage\":\"en-US\"}]}<\/script>\n<!-- \/ Yoast SEO plugin. -->","yoast_head_json":{"title":"Terms and conditions - DATASOLUTION","description":"Find all the terms and conditions for your 360\u00b0 Datasolution web agency and contact us to ask us all your questions","robots":{"index":"index","follow":"follow","max-snippet":"max-snippet:-1","max-image-preview":"max-image-preview:large","max-video-preview":"max-video-preview:-1"},"canonical":"https:\/\/www.datasolution.fr\/en\/legals\/","og_locale":"en_US","og_type":"article","og_title":"Terms and conditions - DATASOLUTION","og_description":"Find all the terms and conditions for your 360\u00b0 Datasolution web agency and contact us to ask us all your questions","og_url":"https:\/\/www.datasolution.fr\/en\/legals\/","og_site_name":"DATASOLUTION","article_publisher":"https:\/\/www.facebook.com\/datasolution.ecommerce\/","article_modified_time":"2025-08-18T15:26:33+00:00","og_image":[{"width":1200,"height":630,"url":"https:\/\/www.datasolution.fr\/wp-content\/uploads\/2022\/06\/Share-new-website-1200x630px.jpg","type":"image\/jpeg"}],"twitter_card":"summary_large_image","twitter_site":"@datasolution1","schema":{"@context":"https:\/\/schema.org","@graph":[{"@type":"WebPage","@id":"https:\/\/www.datasolution.fr\/en\/legals\/","url":"https:\/\/www.datasolution.fr\/en\/legals\/","name":"Terms and conditions - DATASOLUTION","isPartOf":{"@id":"https:\/\/www.datasolution.fr\/#website"},"datePublished":"2021-09-30T15:53:06+00:00","dateModified":"2025-08-18T15:26:33+00:00","description":"Find all the terms and conditions for your 360\u00b0 Datasolution web agency and contact us to ask us all your questions","breadcrumb":{"@id":"https:\/\/www.datasolution.fr\/en\/legals\/#breadcrumb"},"inLanguage":"en-US","potentialAction":[{"@type":"ReadAction","target":["https:\/\/www.datasolution.fr\/en\/legals\/"]}]},{"@type":"BreadcrumbList","@id":"https:\/\/www.datasolution.fr\/en\/legals\/#breadcrumb","itemListElement":[{"@type":"ListItem","position":1,"name":"Accueil","item":"https:\/\/www.datasolution.fr\/en\/"},{"@type":"ListItem","position":2,"name":"Terms and conditions"}]},{"@type":"WebSite","@id":"https:\/\/www.datasolution.fr\/#website","url":"https:\/\/www.datasolution.fr\/","name":"DATASOLUTION","description":"Agence experte eCommerce","potentialAction":[{"@type":"SearchAction","target":{"@type":"EntryPoint","urlTemplate":"https:\/\/www.datasolution.fr\/?s={search_term_string}"},"query-input":{"@type":"PropertyValueSpecification","valueRequired":true,"valueName":"search_term_string"}}],"inLanguage":"en-US"}]}},"_links":{"self":[{"href":"https:\/\/www.datasolution.fr\/en\/wp-json\/wp\/v2\/pages\/54","targetHints":{"allow":["GET"]}}],"collection":[{"href":"https:\/\/www.datasolution.fr\/en\/wp-json\/wp\/v2\/pages"}],"about":[{"href":"https:\/\/www.datasolution.fr\/en\/wp-json\/wp\/v2\/types\/page"}],"author":[{"embeddable":true,"href":"https:\/\/www.datasolution.fr\/en\/wp-json\/wp\/v2\/users\/20"}],"replies":[{"embeddable":true,"href":"https:\/\/www.datasolution.fr\/en\/wp-json\/wp\/v2\/comments?post=54"}],"version-history":[{"count":3,"href":"https:\/\/www.datasolution.fr\/en\/wp-json\/wp\/v2\/pages\/54\/revisions"}],"predecessor-version":[{"id":24435,"href":"https:\/\/www.datasolution.fr\/en\/wp-json\/wp\/v2\/pages\/54\/revisions\/24435"}],"wp:attachment":[{"href":"https:\/\/www.datasolution.fr\/en\/wp-json\/wp\/v2\/media?parent=54"}],"curies":[{"name":"wp","href":"https:\/\/api.w.org\/{rel}","templated":true}]}}