{"id":48,"date":"2021-09-30T17:50:49","date_gmt":"2021-09-30T15:50:49","guid":{"rendered":"https:\/\/datasolution-wp-prod.datasolution.site\/?page_id=48"},"modified":"2024-07-29T14:57:53","modified_gmt":"2024-07-29T12:57:53","slug":"webinars","status":"publish","type":"page","link":"https:\/\/www.datasolution.fr\/en\/webinars\/","title":{"rendered":"Webinars"},"content":{"rendered":"\n    <div id=\"block_0e2153637f8b15aed0cde20e5861ad79\" class=\"custom-wp-block\">\n\n\t\t    <div class=\"block-hero-header block-hero-header--type1 \"\n            >\n        <div class=\"block-hero-header--inner\">\n            <div class=\"container p-relative\">\n                <div class=\"block-hero-header--content\">\n\n                    \n                    \n                    <div class=\"block-hero-header--title-wrapper\">\n                        <h1 class=\"block-hero-header--title title-big color-white\">Webinars<\/h1>\n                    <\/div>\n\n                                            <div class=\"block-hero-header--desc title-semi-big color-white\">\n\n\n\n\n\n<strong>Stay connected<\/strong> to the latest technologies that we use.\n\n\n\n\n\n\n&nbsp;\n&nbsp;\n<\/div>\n                    \n                    \n                                    <\/div>\n            <\/div>\n        <\/div>\n    <\/div>\n\n    <\/div>\n\n\n\n\n    \n    <div id=\"block_4f94d0a25c11845086f981f43aa7c615\" class=\"block-webinars-type1 custom-wp-block mode2 p-relative\">\n\t\t\r\n    <div class=\"container p-relative\">\r\n        <div class=\"block-webinars-type1--header\">\r\n            <div class=\"block-webinars-type1--header--title\">\r\n                                    <div class=\"top-title title-big\">Latest webinars<\/div>\r\n                                                <div class=\"subtitle\">(Re)Watch it<\/div>\r\n            <\/div>\r\n                    <\/div>\r\n        <div class=\"block-webinars-type1--content\">\r\n            <div class=\"block-webinars-type1--content--image\">\r\n                                    <img decoding=\"async\" src=\"https:\/\/www.datasolution.fr\/wp-content\/uploads\/2025\/09\/main-visual-2080-1240.jpg\" title=\"\" alt=\"\" loading=\"lazy\" width=\"1040\" height=\"620\" \/>\r\n                            <\/div>\r\n            <div class=\"block-webinars-type1--content--text\">\r\n                                    <div class=\"block-webinars-type1--content--date legend\">14 October 2025<\/div>\r\n                    <div class=\"block-webinars-type1--content--title title-semi-big\">Comment le 1er r\u00e9seau de pharmacie europ\u00e9en assure la ma\u00eetrise de ses donn\u00e9es de r\u00e9f\u00e9rence pour piloter son expansion internationale<\/div>\r\n                                            <\/div>\r\n        <\/div>\r\n\r\n            <\/div>\r\n\r\n    <\/div>\n\n\n\n\n    \n    <div id=\"block_5df1efa7c5becc7e853f0fab8db7f1b4\" class=\"block-webinars-type3 custom-wp-block background2 p-relative\">\n\t\t\n<div class=\"container p-relative\">\n\n\t\n\t\n    <div class=\"results-filters\">\n\t\t            <div class=\"block-webinars-type3--cards\">\n                <div class=\"block-webinars-type3--cards--wrapper\">\n\t\t\t\t\t\t\t\t<a href=\"https:\/\/www.datasolution.fr\/en\/webinars\/piloter-son-expansion-internationale\/\" title=\"Comment le 1er r\u00e9seau de pharmacie europ\u00e9en assure la ma\u00eetrise de ses donn\u00e9es de r\u00e9f\u00e9rence pour piloter son expansion internationale\" class=\"block-card block-webinars-type3--single\">\r\n\t\r\n            <div class=\"block-card--logo override-image\">\r\n            <img decoding=\"async\" src=\"https:\/\/www.datasolution.fr\/wp-content\/uploads\/2025\/09\/miniature-692-420.jpg\" alt=\"\" width=\"360\" height=\"218\" loading=\"lazy\">\r\n        <\/div>\r\n    \t<p class=\"block-card--name title-medium\">Comment le 1er r\u00e9seau de pharmacie europ\u00e9en assure la ma\u00eetrise de ses donn\u00e9es de r\u00e9f\u00e9rence pour piloter son expansion internationale<\/p>\r\n\t\t\t\t<div class=\"legend\">14 October 2025<\/div>\r\n\t\t\r\n\t\t\t<\/a>\r\n\t\t\t\t\t\t\t\t\t\t<a href=\"https:\/\/www.datasolution.fr\/en\/webinars\/b2b-ecommerce-site-2024\/\" title=\"What should your B2B eCommerce site look like in 2024?\" class=\"block-card block-webinars-type3--single\">\r\n\t\r\n            <div class=\"block-card--logo override-image\">\r\n            <img decoding=\"async\" src=\"https:\/\/www.datasolution.fr\/wp-content\/uploads\/2024\/06\/ORO-miniature.jpg\" alt=\"\" width=\"360\" height=\"218\" loading=\"lazy\">\r\n        <\/div>\r\n    \t<p class=\"block-card--name title-medium\">What should your B2B eCommerce site look like in 2024?<\/p>\r\n\t\t\t\t<div class=\"legend\">02 July 2024<\/div>\r\n\t\t\r\n\t\t\t<\/a>\r\n\t\t\t\t\t\t\t\t\t\t<a href=\"https:\/\/www.datasolution.fr\/en\/webinars\/afdb-customer-satisfaction\/\" title=\"AFDB&#8217;s path to customer satisfaction\" class=\"block-card block-webinars-type3--single\">\r\n\t\r\n            <div class=\"block-card--logo override-image\">\r\n            <img decoding=\"async\" src=\"https:\/\/www.datasolution.fr\/wp-content\/uploads\/2024\/05\/inter-talks-miniature.jpg\" alt=\"\" width=\"360\" height=\"218\" loading=\"lazy\">\r\n        <\/div>\r\n    \t<p class=\"block-card--name title-medium\">AFDB&#8217;s path to customer satisfaction<\/p>\r\n\t\t\t\t<div class=\"legend\">06 June 2024<\/div>\r\n\t\t\r\n\t\t\t<\/a>\r\n\t\t\t\t\t\t\t\t\t\t<a href=\"https:\/\/www.datasolution.fr\/en\/webinars\/omnichannel-strategies-powered-by-ai\/\" title=\"Omnichannel strategies powered by AI\" class=\"block-card block-webinars-type3--single\">\r\n\t\r\n            <div class=\"block-card--logo override-image\">\r\n            <img decoding=\"async\" src=\"https:\/\/www.datasolution.fr\/wp-content\/uploads\/2024\/03\/connectif-miniature.jpg\" alt=\"\" width=\"360\" height=\"218\" loading=\"lazy\">\r\n        <\/div>\r\n    \t<p class=\"block-card--name title-medium\">Omnichannel strategies powered by AI<\/p>\r\n\t\t\t\t<div class=\"legend\">30 April 2024<\/div>\r\n\t\t\r\n\t\t\t<\/a>\r\n\t\t\t\t\t\t\t\t\t\t<a href=\"https:\/\/www.datasolution.fr\/en\/webinars\/fintecture-bank-transfer\/\" title=\"Boost revenue with Fintecture bank transfer payments\" class=\"block-card block-webinars-type3--single\">\r\n\t\r\n            <div class=\"block-card--logo override-image\">\r\n            <img decoding=\"async\" src=\"https:\/\/www.datasolution.fr\/wp-content\/uploads\/2023\/09\/fintecture-miniature.jpg\" alt=\"\" width=\"360\" height=\"218\" loading=\"lazy\">\r\n        <\/div>\r\n    \t<p class=\"block-card--name title-medium\">Boost revenue with Fintecture bank transfer payments<\/p>\r\n\t\t\t\t<div class=\"legend\">13 September 2023<\/div>\r\n\t\t\r\n\t\t\t<\/a>\r\n\t\t\t\t\t\t\t\t\t\t<a href=\"https:\/\/www.datasolution.fr\/en\/webinars\/p2c-solution\/\" title=\"Streamline your sales with Productsup&#8217;s P2C solution\" class=\"block-card block-webinars-type3--single\">\r\n\t\r\n            <div class=\"block-card--logo override-image\">\r\n            <img decoding=\"async\" src=\"https:\/\/www.datasolution.fr\/wp-content\/uploads\/2022\/09\/productsup-miniature.jpg\" alt=\"\" width=\"360\" height=\"218\" loading=\"lazy\">\r\n        <\/div>\r\n    \t<p class=\"block-card--name title-medium\">Streamline your sales with Productsup&#8217;s P2C solution<\/p>\r\n\t\t\t\t<div class=\"legend\">29 September 2022<\/div>\r\n\t\t\r\n\t\t\t<\/a>\r\n\t\t\t\t\t\t\t\t\t\t<a href=\"https:\/\/www.datasolution.fr\/en\/webinars\/pimcore-x\/\" title=\"Pimcore X with Dietmar Rietsch, CEO of Pimcore\" class=\"block-card block-webinars-type3--single\">\r\n\t\r\n            <div class=\"block-card--logo override-image\">\r\n            <img decoding=\"async\" src=\"https:\/\/www.datasolution.fr\/wp-content\/uploads\/2021\/12\/Pimcore-miniature.jpg\" alt=\"\" width=\"360\" height=\"218\" loading=\"lazy\">\r\n        <\/div>\r\n    \t<p class=\"block-card--name title-medium\">Pimcore X with Dietmar Rietsch, CEO of Pimcore<\/p>\r\n\t\t\t\t<div class=\"legend\">20 May 2021<\/div>\r\n\t\t\r\n\t\t\t<\/a>\r\n\t\t\t\t\t\t\t\t\t\t<a href=\"https:\/\/www.datasolution.fr\/en\/webinars\/paybybank\/\" title=\"Discover PayByBank by Fintecture\" class=\"block-card block-webinars-type3--single\">\r\n\t\r\n            <div class=\"block-card--logo override-image\">\r\n            <img decoding=\"async\" src=\"https:\/\/www.datasolution.fr\/wp-content\/uploads\/2021\/12\/paybybank-miniature.jpg\" alt=\"\" width=\"360\" height=\"218\" loading=\"lazy\">\r\n        <\/div>\r\n    \t<p class=\"block-card--name title-medium\">Discover PayByBank by Fintecture<\/p>\r\n\t\t\t\t<div class=\"legend\">20 April 2021<\/div>\r\n\t\t\r\n\t\t\t<\/a>\r\n\t\t\t\t\t\t\t\t\t\t<a href=\"https:\/\/www.datasolution.fr\/en\/webinars\/raja-doubled-product-catalog\/\" title=\"How RAJA doubled its product catalog\" class=\"block-card block-webinars-type3--single\">\r\n\t\r\n            <div class=\"block-card--logo override-image\">\r\n            <img decoding=\"async\" src=\"https:\/\/www.datasolution.fr\/wp-content\/uploads\/2024\/05\/intershop-miniature.jpg\" alt=\"\" width=\"360\" height=\"218\" loading=\"lazy\">\r\n        <\/div>\r\n    \t<p class=\"block-card--name title-medium\">How RAJA doubled its product catalog<\/p>\r\n\t\t\t\t<div class=\"legend\">18 December 2020<\/div>\r\n\t\t\r\n\t\t\t<\/a>\r\n\t\t\t\t\t\t\t                <\/div>\n            <\/div>\n\n\t\t\t\n    <div class=\"pagination only-desktop\">\n        <span aria-current=\"page\" class=\"page-numbers current\">1<\/span>\n<a class=\"page-numbers\" href=\"https:\/\/www.datasolution.fr\/webinaires\/?sf_paged=2\">2<\/a>\n<a class=\"next page-numbers\" href=\"https:\/\/www.datasolution.fr\/webinaires\/?sf_paged=2\"><svg class=\"icon\"width=\"6\" height=\"10\" xmlns=\"http:\/\/www.w3.org\/2000\/svg\"><path fill=\"#070723\" fill-rule=\"evenodd\" d=\"M2.548 4.994 0 8.777 1.261 10 6 4.994 1.261 0 0 1.223z\"\/><\/svg><\/a>    <\/div>\n\n    <div class=\"pagination only-mobile\">\n        <span class=\"page-state\">1 \/ 2<\/span>\n        <span aria-current=\"page\" class=\"page-numbers current\">1<\/span>\n<a class=\"page-numbers\" href=\"https:\/\/www.datasolution.fr\/webinaires\/?sf_paged=2\">2<\/a>\n<a class=\"next page-numbers\" href=\"https:\/\/www.datasolution.fr\/webinaires\/?sf_paged=2\"><svg class=\"icon\"width=\"6\" height=\"10\" xmlns=\"http:\/\/www.w3.org\/2000\/svg\"><path fill=\"#070723\" fill-rule=\"evenodd\" d=\"M2.548 4.994 0 8.777 1.261 10 6 4.994 1.261 0 0 1.223z\"\/><\/svg><\/a>    <\/div>\n    <\/div>\n\n    <!--\n    <div class=\"block-webinars-type3--more\">\n        <a class=\"btn btn-data-highlight\">See more webinars<\/a>\n    <\/div>\n    -->\n<\/div>\n\n\n    <\/div>\n\n","protected":false},"excerpt":{"rendered":"","protected":false},"author":20,"featured_media":0,"parent":0,"menu_order":75,"comment_status":"closed","ping_status":"closed","template":"","meta":{"_acf_changed":false,"inline_featured_image":false,"footnotes":""},"class_list":["post-48","page","type-page","status-publish","hentry"],"acf":[],"yoast_head":"<!-- This site is optimized with the Yoast SEO plugin v27.4 - https:\/\/yoast.com\/product\/yoast-seo-wordpress\/ -->\n<title>Webinars: online conferences - DATASOLUTION<\/title>\n<meta name=\"description\" content=\"Find our webinars, online conferences in which you can participate remotely, without traveling! Welcome aboard !\" \/>\n<meta name=\"robots\" content=\"index, follow, max-snippet:-1, max-image-preview:large, max-video-preview:-1\" \/>\n<link rel=\"canonical\" href=\"https:\/\/www.datasolution.fr\/en\/webinars\/\" \/>\n<meta property=\"og:locale\" content=\"en_US\" \/>\n<meta property=\"og:type\" content=\"article\" \/>\n<meta property=\"og:title\" content=\"Webinars: online conferences - DATASOLUTION\" \/>\n<meta property=\"og:description\" content=\"Find our webinars, online conferences in which you can participate remotely, without traveling! Welcome aboard !\" \/>\n<meta property=\"og:url\" content=\"https:\/\/www.datasolution.fr\/en\/webinars\/\" \/>\n<meta property=\"og:site_name\" content=\"DATASOLUTION\" \/>\n<meta property=\"article:publisher\" content=\"https:\/\/www.facebook.com\/datasolution.ecommerce\/\" \/>\n<meta property=\"article:modified_time\" content=\"2024-07-29T12:57:53+00:00\" \/>\n<meta property=\"og:image\" content=\"https:\/\/www.datasolution.fr\/wp-content\/uploads\/2022\/06\/Share-new-website-1200x630px.jpg\" \/>\n\t<meta property=\"og:image:width\" content=\"1200\" \/>\n\t<meta property=\"og:image:height\" content=\"630\" \/>\n\t<meta property=\"og:image:type\" content=\"image\/jpeg\" \/>\n<meta name=\"twitter:card\" content=\"summary_large_image\" \/>\n<meta name=\"twitter:site\" content=\"@datasolution1\" \/>\n<script type=\"application\/ld+json\" class=\"yoast-schema-graph\">{\"@context\":\"https:\\\/\\\/schema.org\",\"@graph\":[{\"@type\":\"WebPage\",\"@id\":\"https:\\\/\\\/www.datasolution.fr\\\/en\\\/webinars\\\/\",\"url\":\"https:\\\/\\\/www.datasolution.fr\\\/en\\\/webinars\\\/\",\"name\":\"Webinars: online conferences - DATASOLUTION\",\"isPartOf\":{\"@id\":\"https:\\\/\\\/www.datasolution.fr\\\/#website\"},\"datePublished\":\"2021-09-30T15:50:49+00:00\",\"dateModified\":\"2024-07-29T12:57:53+00:00\",\"description\":\"Find our webinars, online conferences in which you can participate remotely, without traveling! Welcome aboard !\",\"breadcrumb\":{\"@id\":\"https:\\\/\\\/www.datasolution.fr\\\/en\\\/webinars\\\/#breadcrumb\"},\"inLanguage\":\"en-US\",\"potentialAction\":[{\"@type\":\"ReadAction\",\"target\":[\"https:\\\/\\\/www.datasolution.fr\\\/en\\\/webinars\\\/\"]}]},{\"@type\":\"BreadcrumbList\",\"@id\":\"https:\\\/\\\/www.datasolution.fr\\\/en\\\/webinars\\\/#breadcrumb\",\"itemListElement\":[{\"@type\":\"ListItem\",\"position\":1,\"name\":\"Accueil\",\"item\":\"https:\\\/\\\/www.datasolution.fr\\\/en\\\/\"},{\"@type\":\"ListItem\",\"position\":2,\"name\":\"Webinars\"}]},{\"@type\":\"WebSite\",\"@id\":\"https:\\\/\\\/www.datasolution.fr\\\/#website\",\"url\":\"https:\\\/\\\/www.datasolution.fr\\\/\",\"name\":\"DATASOLUTION\",\"description\":\"Agence experte eCommerce\",\"potentialAction\":[{\"@type\":\"SearchAction\",\"target\":{\"@type\":\"EntryPoint\",\"urlTemplate\":\"https:\\\/\\\/www.datasolution.fr\\\/?s={search_term_string}\"},\"query-input\":{\"@type\":\"PropertyValueSpecification\",\"valueRequired\":true,\"valueName\":\"search_term_string\"}}],\"inLanguage\":\"en-US\"}]}<\/script>\n<!-- \/ Yoast SEO plugin. -->","yoast_head_json":{"title":"Webinars: online conferences - DATASOLUTION","description":"Find our webinars, online conferences in which you can participate remotely, without traveling! Welcome aboard !","robots":{"index":"index","follow":"follow","max-snippet":"max-snippet:-1","max-image-preview":"max-image-preview:large","max-video-preview":"max-video-preview:-1"},"canonical":"https:\/\/www.datasolution.fr\/en\/webinars\/","og_locale":"en_US","og_type":"article","og_title":"Webinars: online conferences - DATASOLUTION","og_description":"Find our webinars, online conferences in which you can participate remotely, without traveling! Welcome aboard !","og_url":"https:\/\/www.datasolution.fr\/en\/webinars\/","og_site_name":"DATASOLUTION","article_publisher":"https:\/\/www.facebook.com\/datasolution.ecommerce\/","article_modified_time":"2024-07-29T12:57:53+00:00","og_image":[{"width":1200,"height":630,"url":"https:\/\/www.datasolution.fr\/wp-content\/uploads\/2022\/06\/Share-new-website-1200x630px.jpg","type":"image\/jpeg"}],"twitter_card":"summary_large_image","twitter_site":"@datasolution1","schema":{"@context":"https:\/\/schema.org","@graph":[{"@type":"WebPage","@id":"https:\/\/www.datasolution.fr\/en\/webinars\/","url":"https:\/\/www.datasolution.fr\/en\/webinars\/","name":"Webinars: online conferences - DATASOLUTION","isPartOf":{"@id":"https:\/\/www.datasolution.fr\/#website"},"datePublished":"2021-09-30T15:50:49+00:00","dateModified":"2024-07-29T12:57:53+00:00","description":"Find our webinars, online conferences in which you can participate remotely, without traveling! Welcome aboard !","breadcrumb":{"@id":"https:\/\/www.datasolution.fr\/en\/webinars\/#breadcrumb"},"inLanguage":"en-US","potentialAction":[{"@type":"ReadAction","target":["https:\/\/www.datasolution.fr\/en\/webinars\/"]}]},{"@type":"BreadcrumbList","@id":"https:\/\/www.datasolution.fr\/en\/webinars\/#breadcrumb","itemListElement":[{"@type":"ListItem","position":1,"name":"Accueil","item":"https:\/\/www.datasolution.fr\/en\/"},{"@type":"ListItem","position":2,"name":"Webinars"}]},{"@type":"WebSite","@id":"https:\/\/www.datasolution.fr\/#website","url":"https:\/\/www.datasolution.fr\/","name":"DATASOLUTION","description":"Agence experte eCommerce","potentialAction":[{"@type":"SearchAction","target":{"@type":"EntryPoint","urlTemplate":"https:\/\/www.datasolution.fr\/?s={search_term_string}"},"query-input":{"@type":"PropertyValueSpecification","valueRequired":true,"valueName":"search_term_string"}}],"inLanguage":"en-US"}]}},"_links":{"self":[{"href":"https:\/\/www.datasolution.fr\/en\/wp-json\/wp\/v2\/pages\/48","targetHints":{"allow":["GET"]}}],"collection":[{"href":"https:\/\/www.datasolution.fr\/en\/wp-json\/wp\/v2\/pages"}],"about":[{"href":"https:\/\/www.datasolution.fr\/en\/wp-json\/wp\/v2\/types\/page"}],"author":[{"embeddable":true,"href":"https:\/\/www.datasolution.fr\/en\/wp-json\/wp\/v2\/users\/20"}],"replies":[{"embeddable":true,"href":"https:\/\/www.datasolution.fr\/en\/wp-json\/wp\/v2\/comments?post=48"}],"version-history":[{"count":3,"href":"https:\/\/www.datasolution.fr\/en\/wp-json\/wp\/v2\/pages\/48\/revisions"}],"predecessor-version":[{"id":16678,"href":"https:\/\/www.datasolution.fr\/en\/wp-json\/wp\/v2\/pages\/48\/revisions\/16678"}],"wp:attachment":[{"href":"https:\/\/www.datasolution.fr\/en\/wp-json\/wp\/v2\/media?parent=48"}],"curies":[{"name":"wp","href":"https:\/\/api.w.org\/{rel}","templated":true}]}}